{"id":135,"date":"2025-01-13T19:17:21","date_gmt":"2025-01-13T19:17:21","guid":{"rendered":"https:\/\/jiku.shop\/drones\/product\/automation-drones-para-la-agricultura-dron-agricola-farm-dron-for-agriculture-spray-drone\/"},"modified":"2025-02-26T03:59:17","modified_gmt":"2025-02-26T03:59:17","slug":"automation-drones-para-la-agricultura-dron-agricola-farm-dron-for-agriculture-spray-drone","status":"publish","type":"product","link":"https:\/\/jiku.shop\/dragonbladeai\/product\/automation-drones-para-la-agricultura-dron-agricola-farm-dron-for-agriculture-spray-drone\/","title":{"rendered":"Jiku Copter 2.0 Automation Drones For Agriculture"},"content":{"rendered":"<div class=\"detailmodule_html\">\n<div class=\"detail-desc-decorate-richtext\">\n<p style=\"text-align: left; color: #434649; font-size: 13px;\">Specification<br \/>\n10pcs more= Counseling<br \/>\nModel<br \/>\nJiku Copter<br \/>\nMotor Type<br \/>\nBrushless Motor X 4<br \/>\nHourly Operating Area<br \/>\n4-14 Hectare<br \/>\nDroplet Size<br \/>\n80-250 \u03bcm<br \/>\nFlow Rate<br \/>\n1L\/min &#8211; 8L\/min<br \/>\nSpray Width<br \/>\n3-8m<br \/>\nBattery Type<br \/>\nLithium-ion<br \/>\nMaximum Attitude<br \/>\n30m<br \/>\nCover Fishing<br \/>\nLight Blue \/Blue\/Red\/Grey\/White\/Customized<br \/>\nFull Loading Weight<br \/>\n49.5KG<br \/>\nProduct Size<br \/>\n1200mm\u00d71191mm\u00d7580mm<br \/>\nPacking Size<br \/>\n1025mm\u00d7755mm\u00d7580mm<br \/>\nAircraft Weight<br \/>\n19kg<br \/>\nProduct Application<br \/>\n* Independent Research and Development Product, Core Technology and Exclusive Design By Jiku.Shop.<br \/>\n* Fold able arms, rapid transfer.<br \/>\n* Pluggable tank, convenient to recharge.<br \/>\n* Applicable crops species including rice, cotton, maize, wheat, grape, cherry, orange, eggplant, peanut, sunflower, etc.<br \/>\n* Suitable for farmers who possess 200-1000 acres of crop planting scales.<br \/>\n* Reduce working labor costs effectively and improve the working efficiency.<\/p>\n<p><img loading=\"lazy\" decoding=\"async\" class=\"alignnone size-medium wp-image-197\" src=\"http:\/\/jiku.shop\/drones\/wp-content\/uploads\/sites\/63\/2025\/01\/06ifov9n-222x300.png\" alt=\"\" width=\"222\" height=\"300\" srcset=\"https:\/\/jiku.shop\/dragonbladeai\/wp-content\/uploads\/sites\/63\/2025\/01\/06ifov9n-222x300.png 222w, https:\/\/jiku.shop\/dragonbladeai\/wp-content\/uploads\/sites\/63\/2025\/01\/06ifov9n-600x810.png 600w, https:\/\/jiku.shop\/dragonbladeai\/wp-content\/uploads\/sites\/63\/2025\/01\/06ifov9n.png 750w\" sizes=\"auto, (max-width: 222px) 100vw, 222px\" \/><\/p>\n<p><img loading=\"lazy\" decoding=\"async\" class=\"alignnone size-medium wp-image-196\" src=\"http:\/\/jiku.shop\/drones\/wp-content\/uploads\/sites\/63\/2025\/01\/BC927924-F08E-47FB-9A73-879C60B38423-300x268.png\" alt=\"\" width=\"300\" height=\"268\" srcset=\"https:\/\/jiku.shop\/dragonbladeai\/wp-content\/uploads\/sites\/63\/2025\/01\/BC927924-F08E-47FB-9A73-879C60B38423-300x268.png 300w, https:\/\/jiku.shop\/dragonbladeai\/wp-content\/uploads\/sites\/63\/2025\/01\/BC927924-F08E-47FB-9A73-879C60B38423.png 570w\" sizes=\"auto, (max-width: 300px) 100vw, 300px\" \/><\/p>\n<p>&nbsp;<\/p>\n<\/div>\n<\/div>\n","protected":false},"excerpt":{"rendered":"<p>Specification 10pcs more= Counseling Model Jiku Copter Motor Type Brushless Motor X 4 Hourly Operating Area 4-14 Hectare Droplet Size 80-250 \u03bcm Flow Rate 1L\/min &#8211; 8L\/min Spray Width 3-8m Battery Type Lithium-ion Maximum Attitude 30m Cover Fishing Light Blue \/Blue\/Red\/Grey\/White\/Customized Full Loading Weight 49.5KG Product Size 1200mm\u00d71191mm\u00d7580mm Packing Size 1025mm\u00d7755mm\u00d7580mm Aircraft Weight 19kg Product [&hellip;]<\/p>\n","protected":false},"featured_media":136,"comment_status":"open","ping_status":"closed","template":"","meta":[],"product_brand":[],"product_cat":[29,30],"product_tag":[],"class_list":{"0":"post-135","1":"product","2":"type-product","3":"status-publish","4":"has-post-thumbnail","6":"product_cat-drones","7":"product_cat-farming-drones","9":"first","10":"instock","11":"shipping-taxable","12":"purchasable","13":"product-type-variable"},"_links":{"self":[{"href":"https:\/\/jiku.shop\/dragonbladeai\/wp-json\/wp\/v2\/product\/135","targetHints":{"allow":["GET"]}}],"collection":[{"href":"https:\/\/jiku.shop\/dragonbladeai\/wp-json\/wp\/v2\/product"}],"about":[{"href":"https:\/\/jiku.shop\/dragonbladeai\/wp-json\/wp\/v2\/types\/product"}],"replies":[{"embeddable":true,"href":"https:\/\/jiku.shop\/dragonbladeai\/wp-json\/wp\/v2\/comments?post=135"}],"wp:featuredmedia":[{"embeddable":true,"href":"https:\/\/jiku.shop\/dragonbladeai\/wp-json\/wp\/v2\/media\/136"}],"wp:attachment":[{"href":"https:\/\/jiku.shop\/dragonbladeai\/wp-json\/wp\/v2\/media?parent=135"}],"wp:term":[{"taxonomy":"product_brand","embeddable":true,"href":"https:\/\/jiku.shop\/dragonbladeai\/wp-json\/wp\/v2\/product_brand?post=135"},{"taxonomy":"product_cat","embeddable":true,"href":"https:\/\/jiku.shop\/dragonbladeai\/wp-json\/wp\/v2\/product_cat?post=135"},{"taxonomy":"product_tag","embeddable":true,"href":"https:\/\/jiku.shop\/dragonbladeai\/wp-json\/wp\/v2\/product_tag?post=135"}],"curies":[{"name":"wp","href":"https:\/\/api.w.org\/{rel}","templated":true}]}}